{"id":4528,"date":"2021-11-18T07:43:07","date_gmt":"2021-11-18T07:43:07","guid":{"rendered":"https:\/\/ersinerler.com\/?page_id=4528"},"modified":"2022-07-31T22:03:57","modified_gmt":"2022-07-31T22:03:57","slug":"institutionnel","status":"publish","type":"page","link":"http:\/\/ersinerler.com\/fr\/institutionnel\/","title":{"rendered":"INSTITUTIONNEL"},"content":{"rendered":"\t\t<div data-elementor-type=\"wp-page\" data-elementor-id=\"4528\" class=\"elementor elementor-4528\">\n\t\t\t\t\t\t\t\t\t<section class=\"elementor-section elementor-top-section elementor-element elementor-element-727c1be elementor-section-boxed elementor-section-height-default elementor-section-height-default rt-parallax-bg-no\" data-id=\"727c1be\" data-element_type=\"section\">\n\t\t\t\t\t\t<div class=\"elementor-container elementor-column-gap-default\">\n\t\t\t\t\t<div class=\"elementor-column elementor-col-100 elementor-top-column elementor-element elementor-element-7402d63\" data-id=\"7402d63\" data-element_type=\"column\">\n\t\t\t<div class=\"elementor-widget-wrap elementor-element-populated\">\n\t\t\t\t\t\t\t\t<section class=\"elementor-section elementor-inner-section elementor-element elementor-element-8aff071 elementor-section-boxed elementor-section-height-default elementor-section-height-default rt-parallax-bg-no\" data-id=\"8aff071\" data-element_type=\"section\">\n\t\t\t\t\t\t<div class=\"elementor-container elementor-column-gap-default\">\n\t\t\t\t\t<div class=\"elementor-column elementor-col-50 elementor-inner-column elementor-element elementor-element-9ab2b0c\" data-id=\"9ab2b0c\" data-element_type=\"column\">\n\t\t\t<div class=\"elementor-widget-wrap elementor-element-populated\">\n\t\t\t\t\t\t\t\t<div class=\"elementor-element elementor-element-2a4a17a elementor-widget elementor-widget-rt-text-with-button\" data-id=\"2a4a17a\" data-element_type=\"widget\" data-widget_type=\"rt-text-with-button.default\">\n\t\t\t\t<div class=\"elementor-widget-container\">\n\t\t\t<div class=\"title-text-button barshow text-style1\">\n\t\n\t\t\t<h4 class=\"subtitle style1\">INSTITUTIONNEL ERLER YAPI SISTEMLERI <span class=\"title-bar1\"><\/span><span class=\"title-bar2\"><\/span><\/h4>\n\t\t\t\t<h2 class=\"section-title\">A PROPOS DE NOUS<\/h2>\t<div class=\"section-content\"><p class=\"icerik-text\">Cr\u00e9e en 1996 a ISTANBUL La soci\u00e9t\u00e9 ERLER YAPI SISTEMLERI a entrepris une d\u00e9marche de d\u00e9localisation jouissent de dix ans d'exp\u00e9riences dans la transformation d'aluminium pour s'implant\u00e9 a partir de 2006 en Alg\u00e9rie sous le nom de<\/p><\/div>\n\t<\/div>\t\t<\/div>\n\t\t\t\t<\/div>\n\t\t\t\t\t<\/div>\n\t\t<\/div>\n\t\t\t\t<div class=\"elementor-column elementor-col-50 elementor-inner-column elementor-element elementor-element-65c0cae\" data-id=\"65c0cae\" data-element_type=\"column\">\n\t\t\t<div class=\"elementor-widget-wrap elementor-element-populated\">\n\t\t\t\t\t\t\t\t<div class=\"elementor-element elementor-element-a10774a elementor-widget elementor-widget-rt-text-with-button\" data-id=\"a10774a\" data-element_type=\"widget\" data-widget_type=\"rt-text-with-button.default\">\n\t\t\t\t<div class=\"elementor-widget-container\">\n\t\t\t<div class=\"title-text-button barshow text-style1\">\n\t\n\t\t\t<h4 class=\"subtitle style1\">SER ALUMINIUM BUILT SYSTEM<span class=\"title-bar1\"><\/span><span class=\"title-bar2\"><\/span><\/h4>\n\t\t\t\t<h2 class=\"section-title\">SER ALUMINIUM BUILT SYSTEM\n<\/h2>\t<div class=\"section-content\"><p class=\"icerik-text\">Forte par son exp\u00e9rience et la qualit\u00e9 de sais fournisseur ainsi que sais \u00e9quipements notre soci\u00e9t\u00e9 vous propose une prestation compl\u00e8te de la conception jusqu'\u00e0 la r\u00e9alisation aux respects des normes europ\u00e9enne et d\u00e9lais de r\u00e9alisation<\/p><p class=\"icerik-text\">Un devis avec mod\u00e9lisation 3D vous seras gratuitement communiqu\u00e9 comprenant deux vol\u00e9s technique et financier<\/p><p class=\"icerik-text\">EURL SER ALUMINIUM BUILT SYSTEM mais a votre disposition son savoir faire en mati\u00e8re de fourniture et pose\u00a0<\/p><\/div>\n\t<\/div>\t\t<\/div>\n\t\t\t\t<\/div>\n\t\t\t\t\t<\/div>\n\t\t<\/div>\n\t\t\t\t\t\t\t<\/div>\n\t\t<\/section>\n\t\t\t\t<div class=\"elementor-element elementor-element-08f5cb6 elementor-widget elementor-widget-text-editor\" data-id=\"08f5cb6\" data-element_type=\"widget\" data-widget_type=\"text-editor.default\">\n\t\t\t\t<div class=\"elementor-widget-container\">\n\t\t\t<style>\/*! elementor - v3.6.7 - 03-07-2022 *\/\n.elementor-widget-text-editor.elementor-drop-cap-view-stacked .elementor-drop-cap{background-color:#818a91;color:#fff}.elementor-widget-text-editor.elementor-drop-cap-view-framed .elementor-drop-cap{color:#818a91;border:3px solid;background-color:transparent}.elementor-widget-text-editor:not(.elementor-drop-cap-view-default) .elementor-drop-cap{margin-top:8px}.elementor-widget-text-editor:not(.elementor-drop-cap-view-default) .elementor-drop-cap-letter{width:1em;height:1em}.elementor-widget-text-editor .elementor-drop-cap{float:left;text-align:center;line-height:1;font-size:50px}.elementor-widget-text-editor .elementor-drop-cap-letter{display:inline-block}<\/style>\t\t\t\t<p><strong>Mur- Rideau aluminium<\/strong><br \/>System SPIDER \/ VEC \/ VEP<\/p><p><strong>Porte et fen\u00eatre aluminium<\/strong><br \/>Profile standard ou iso barri\u00e8re avec simple ou double vitrage en gaz argon<\/p><p><strong>Volet roulant aluminium<\/strong><br \/>System motoris\u00e9 ou manuel<\/p><p><strong>Garde corps aluminium<\/strong><br \/>Terrasse \/ cage d&rsquo;escalier \/ balcon<\/p><p><strong>Office cloison<\/strong><br \/>S\u00e9paration de bureau \/ am\u00e9nagement int\u00e9rieur<\/p><p><strong>Porte automatique<\/strong><br \/>Photo cellulaire<\/p><p><strong>Skylight et par soleil<\/strong><br \/>Coupole en verre et solution d&rsquo;ombrage solaire<\/p><p><strong>Jardin d&rsquo;hivers<\/strong><br \/>System d&rsquo;espace couvert en aluminium et verre iso-thermique et sonore<\/p><p><strong>Rev\u00eatement de fa\u00e7ades<\/strong><br \/>Panneaux composite, fa\u00e7ades ventil\u00e9e<\/p>\t\t\t\t\t\t<\/div>\n\t\t\t\t<\/div>\n\t\t\t\t\t<\/div>\n\t\t<\/div>\n\t\t\t\t\t\t\t<\/div>\n\t\t<\/section>\n\t\t\t\t\t\t\t<\/div>\n\t\t","protected":false},"excerpt":{"rendered":"<p>INSTITUTIONNEL ERLER YAPI SISTEMLERI A PROPOS DE NOUS Cr\u00e9e en 1996 a ISTANBUL La soci\u00e9t\u00e9 ERLER YAPI SISTEMLERI a entrepris une d\u00e9marche de d\u00e9localisation jouissent de dix ans d&rsquo;exp\u00e9riences dans la transformation d&rsquo;aluminium pour s&rsquo;implant\u00e9 a partir de 2006 en Alg\u00e9rie sous le nom de SER ALUMINIUM BUILT SYSTEM SER ALUMINIUM BUILT SYSTEM Forte par [&hellip;]<\/p>\n","protected":false},"author":1,"featured_media":0,"parent":0,"menu_order":0,"comment_status":"closed","ping_status":"closed","template":"elementor_header_footer","meta":{"footnotes":""},"_links":{"self":[{"href":"http:\/\/ersinerler.com\/fr\/wp-json\/wp\/v2\/pages\/4528"}],"collection":[{"href":"http:\/\/ersinerler.com\/fr\/wp-json\/wp\/v2\/pages"}],"about":[{"href":"http:\/\/ersinerler.com\/fr\/wp-json\/wp\/v2\/types\/page"}],"author":[{"embeddable":true,"href":"http:\/\/ersinerler.com\/fr\/wp-json\/wp\/v2\/users\/1"}],"replies":[{"embeddable":true,"href":"http:\/\/ersinerler.com\/fr\/wp-json\/wp\/v2\/comments?post=4528"}],"version-history":[{"count":5,"href":"http:\/\/ersinerler.com\/fr\/wp-json\/wp\/v2\/pages\/4528\/revisions"}],"predecessor-version":[{"id":8364,"href":"http:\/\/ersinerler.com\/fr\/wp-json\/wp\/v2\/pages\/4528\/revisions\/8364"}],"wp:attachment":[{"href":"http:\/\/ersinerler.com\/fr\/wp-json\/wp\/v2\/media?parent=4528"}],"curies":[{"name":"wp","href":"https:\/\/api.w.org\/{rel}","templated":true}]}}