{"id":4528,"date":"2021-11-18T07:43:07","date_gmt":"2021-11-18T07:43:07","guid":{"rendered":"https:\/\/ersinerler.com\/?page_id=4528"},"modified":"2022-07-31T22:03:57","modified_gmt":"2022-07-31T22:03:57","slug":"institutionnel","status":"publish","type":"page","link":"https:\/\/ersinerler.com\/az\/institutionnel\/","title":{"rendered":"\u0130NST\u0130TUS\u0130ONAL"},"content":{"rendered":"<div data-elementor-type=\"wp-page\" data-elementor-id=\"4528\" class=\"elementor elementor-4528\">\n\t\t\t\t\t\t\t\t\t<section class=\"elementor-section elementor-top-section elementor-element elementor-element-727c1be elementor-section-boxed elementor-section-height-default elementor-section-height-default rt-parallax-bg-no\" data-id=\"727c1be\" data-element_type=\"section\">\n\t\t\t\t\t\t<div class=\"elementor-container elementor-column-gap-default\">\n\t\t\t\t\t<div class=\"elementor-column elementor-col-100 elementor-top-column elementor-element elementor-element-7402d63\" data-id=\"7402d63\" data-element_type=\"column\">\n\t\t\t<div class=\"elementor-widget-wrap elementor-element-populated\">\n\t\t\t\t\t\t\t\t<section class=\"elementor-section elementor-inner-section elementor-element elementor-element-8aff071 elementor-section-boxed elementor-section-height-default elementor-section-height-default rt-parallax-bg-no\" data-id=\"8aff071\" data-element_type=\"section\">\n\t\t\t\t\t\t<div class=\"elementor-container elementor-column-gap-default\">\n\t\t\t\t\t<div class=\"elementor-column elementor-col-50 elementor-inner-column elementor-element elementor-element-9ab2b0c\" data-id=\"9ab2b0c\" data-element_type=\"column\">\n\t\t\t<div class=\"elementor-widget-wrap elementor-element-populated\">\n\t\t\t\t\t\t\t\t<div class=\"elementor-element elementor-element-2a4a17a elementor-widget elementor-widget-rt-text-with-button\" data-id=\"2a4a17a\" data-element_type=\"widget\" data-widget_type=\"rt-text-with-button.default\">\n\t\t\t\t<div class=\"elementor-widget-container\">\n\t\t\t<div class=\"title-text-button barshow text-style1\">\n\t\n\t\t\t<h4 class=\"subtitle style1\">KORPORAT\u0130V ERLER YAPI S\u0130STEMLER\u0130 <span class=\"title-bar1\"><\/span><span class=\"title-bar2\"><\/span><\/h4>\n\t\t\t\t<h2 class=\"section-title\">B\u0130Z\u0130M HAQQIMIZDA<\/h2>\t<div class=\"section-content\"><p class=\"icerik-text\">1996-c\u0131 ild\u0259 \u0130STANBUL-da yarad\u0131lm\u0131\u015f ERLER YAPI S\u0130STEMLER\u0130 \u015firk\u0259ti 2006-c\u0131 ild\u0259n etibar\u0259n \u018flc\u0259zair ad\u0131 alt\u0131nda \u00f6z\u00fcn\u00fc qurmaq \u00fc\u00e7\u00fcn al\u00fcminiumun transformasiyas\u0131nda on illik t\u0259cr\u00fcb\u0259y\u0259 malik bir yerd\u0259yi\u015fm\u0259 prosesini h\u0259yata ke\u00e7irmi\u015fdir.<\/p><\/div>\n\t<\/div>\t\t<\/div>\n\t\t\t\t<\/div>\n\t\t\t\t\t<\/div>\n\t\t<\/div>\n\t\t\t\t<div class=\"elementor-column elementor-col-50 elementor-inner-column elementor-element elementor-element-65c0cae\" data-id=\"65c0cae\" data-element_type=\"column\">\n\t\t\t<div class=\"elementor-widget-wrap elementor-element-populated\">\n\t\t\t\t\t\t\t\t<div class=\"elementor-element elementor-element-a10774a elementor-widget elementor-widget-rt-text-with-button\" data-id=\"a10774a\" data-element_type=\"widget\" data-widget_type=\"rt-text-with-button.default\">\n\t\t\t\t<div class=\"elementor-widget-container\">\n\t\t\t<div class=\"title-text-button barshow text-style1\">\n\t\n\t\t\t<h4 class=\"subtitle style1\">SER AL\u00dcM\u0130NYUM S\u0130STEM\u0130<span class=\"title-bar1\"><\/span><span class=\"title-bar2\"><\/span><\/h4>\n\t\t\t\t<h2 class=\"section-title\">SER AL\u00dcM\u0130NYUM S\u0130STEM\u0130\n<\/h2>\t<div class=\"section-content\"><p class=\"icerik-text\">T\u0259cr\u00fcb\u0259si v\u0259 tan\u0131nm\u0131\u015f t\u0259chizat\u00e7\u0131n\u0131n keyfiyy\u0259ti, el\u0259c\u0259 d\u0259 tan\u0131nm\u0131\u015f avadanl\u0131\u011f\u0131 il\u0259 g\u00fccl\u00fc olan \u015firk\u0259timiz siz\u0259 dizayndan tamamlamaya q\u0259d\u0259r Avropa standartlar\u0131na v\u0259 ba\u015fa \u00e7atd\u0131rma m\u00fcdd\u0259tl\u0259rin\u0259 uy\u011fun tam xidm\u0259t t\u0259klif edir.<\/p><p class=\"icerik-text\">3D modell\u0259\u015fdirm\u0259 il\u0259 smeta siz\u0259 iki texniki v\u0259 maliyy\u0259 u\u00e7u\u015fu daxil olmaqla pulsuz \u00e7atd\u0131r\u0131lacaq<\/p><p class=\"icerik-text\">EURL SER AL\u00dcM\u0130N\u0130YUM BUILT S\u0130STEM, lakin t\u0259chizat v\u0259 qura\u015fd\u0131rma bax\u0131m\u0131ndan onun nou-hau sizin ixtiyar\u0131n\u0131zdad\u0131r\u00a0<\/p><\/div>\n\t<\/div>\t\t<\/div>\n\t\t\t\t<\/div>\n\t\t\t\t\t<\/div>\n\t\t<\/div>\n\t\t\t\t\t\t\t<\/div>\n\t\t<\/section>\n\t\t\t\t<div class=\"elementor-element elementor-element-08f5cb6 elementor-widget elementor-widget-text-editor\" data-id=\"08f5cb6\" data-element_type=\"widget\" data-widget_type=\"text-editor.default\">\n\t\t\t\t<div class=\"elementor-widget-container\">\n\t\t\t<style>\/*! elementor - v3.6.7 - 03-07-2022 *\/\n.elementor-widget-text-editor.elementor-drop-cap-view-stacked .elementor-drop-cap{background-color:#818a91;color:#fff}.elementor-widget-text-editor.elementor-drop-cap-view-framed .elementor-drop-cap{color:#818a91;border:3px solid;background-color:transparent}.elementor-widget-text-editor:not(.elementor-drop-cap-view-default) .elementor-drop-cap{margin-top:8px}.elementor-widget-text-editor:not(.elementor-drop-cap-view-default) .elementor-drop-cap-letter{width:1em;height:1em}.elementor-widget-text-editor .elementor-drop-cap{float:left;text-align:center;line-height:1;font-size:50px}.elementor-widget-text-editor .elementor-drop-cap-letter{display:inline-block}<\/style>\t\t\t\t<p><strong>Al\u00fcminium p\u0259rd\u0259 divar\u0131<\/strong><br \/>Sistem SPIDER \/ VEC \/ VEP<\/p><p><strong>Al\u00fcminium qap\u0131 v\u0259 p\u0259nc\u0259r\u0259<\/strong><br \/>Arqon qaz\u0131nda t\u0259k v\u0259 ya ikiqat \u015f\u00fc\u015f\u0259li standart profil v\u0259 ya izo baryer<\/p><p><strong>Al\u00fcminium diyirc\u0259kli panjur<\/strong><br \/>Motorlu v\u0259 ya \u0259l sistemi<\/p><p><strong>Al\u00fcminium m\u0259h\u0259cc\u0259r<\/strong><br \/>Teras \/ pill\u0259k\u0259n q\u0259f\u0259si \/ balkon<\/p><p><strong>ofis b\u00f6lm\u0259si<\/strong><br \/>Ofisin ayr\u0131lmas\u0131 \/ interyer dizayn\u0131<\/p><p><strong>Avtomatik qap\u0131<\/strong><br \/>Mobil \u015f\u0259kil<\/p><p><strong>S\u0259ma i\u015f\u0131\u011f\u0131 v\u0259 g\u00fcn\u0259\u015f t\u0259r\u0259find\u0259n<\/strong><br \/>\u015e\u00fc\u015f\u0259 g\u00fcnb\u0259z v\u0259 g\u00fcn\u0259\u015f k\u00f6lg\u0259si h\u0259lli<\/p><p><strong>q\u0131\u015f ba\u011f\u0131<\/strong><br \/>Al\u00fcminium v\u0259 izotermik v\u0259 akustik \u015f\u00fc\u015f\u0259d\u0259n qapal\u0131 kosmik sistem<\/p><p><strong>Fasadlar\u0131n \u00fczl\u0259nm\u0259si<\/strong><br \/>Kompozit panell\u0259r, havaland\u0131r\u0131lan fasadlar<\/p>\t\t\t\t\t\t<\/div>\n\t\t\t\t<\/div>\n\t\t\t\t\t<\/div>\n\t\t<\/div>\n\t\t\t\t\t\t\t<\/div>\n\t\t<\/section>\n\t\t\t\t\t\t\t<\/div>","protected":false},"excerpt":{"rendered":"<p>\u0130NST\u0130TUS\u0130ONAL ERLER YAPI S\u0130STEMLER\u0130 HAQQIMIZDA 1996-c\u0131 ild\u0259 \u0130STANBULda yarad\u0131lm\u0131\u015fd\u0131r ERLER YAPI S\u0130STEMLER\u0130 \u015firk\u0259ti k\u00f6\u00e7m\u0259 prosesini h\u0259yata ke\u00e7irmi\u015fdir. Forte t\u0259r\u0259find\u0259n [\u2026]<\/p>","protected":false},"author":1,"featured_media":0,"parent":0,"menu_order":0,"comment_status":"closed","ping_status":"closed","template":"elementor_header_footer","meta":{"footnotes":""},"_links":{"self":[{"href":"https:\/\/ersinerler.com\/az\/wp-json\/wp\/v2\/pages\/4528"}],"collection":[{"href":"https:\/\/ersinerler.com\/az\/wp-json\/wp\/v2\/pages"}],"about":[{"href":"https:\/\/ersinerler.com\/az\/wp-json\/wp\/v2\/types\/page"}],"author":[{"embeddable":true,"href":"https:\/\/ersinerler.com\/az\/wp-json\/wp\/v2\/users\/1"}],"replies":[{"embeddable":true,"href":"https:\/\/ersinerler.com\/az\/wp-json\/wp\/v2\/comments?post=4528"}],"version-history":[{"count":5,"href":"https:\/\/ersinerler.com\/az\/wp-json\/wp\/v2\/pages\/4528\/revisions"}],"predecessor-version":[{"id":8364,"href":"https:\/\/ersinerler.com\/az\/wp-json\/wp\/v2\/pages\/4528\/revisions\/8364"}],"wp:attachment":[{"href":"https:\/\/ersinerler.com\/az\/wp-json\/wp\/v2\/media?parent=4528"}],"curies":[{"name":"wp","href":"https:\/\/api.w.org\/{rel}","templated":true}]}}