{"id":4635,"date":"2021-11-18T10:38:05","date_gmt":"2021-11-18T10:38:05","guid":{"rendered":"https:\/\/ersinerler.com\/?page_id=4635"},"modified":"2022-07-31T14:02:30","modified_gmt":"2022-07-31T14:02:30","slug":"communication","status":"publish","type":"page","link":"https:\/\/ersinerler.com\/az\/communication\/","title":{"rendered":"\u00dcnsiyy\u0259t"},"content":{"rendered":"<div data-elementor-type=\"wp-page\" data-elementor-id=\"4635\" class=\"elementor elementor-4635\">\n\t\t\t\t\t\t\t\t\t<section class=\"elementor-section elementor-top-section elementor-element elementor-element-e0e04cc elementor-section-boxed elementor-section-height-default elementor-section-height-default rt-parallax-bg-no\" data-id=\"e0e04cc\" data-element_type=\"section\">\n\t\t\t\t\t\t<div class=\"elementor-container elementor-column-gap-default\">\n\t\t\t\t\t<div class=\"elementor-column elementor-col-100 elementor-top-column elementor-element elementor-element-1873f8c\" data-id=\"1873f8c\" data-element_type=\"column\">\n\t\t\t<div class=\"elementor-widget-wrap elementor-element-populated\">\n\t\t\t\t\t\t\t\t<section class=\"elementor-section elementor-inner-section elementor-element elementor-element-e97e222 elementor-section-boxed elementor-section-height-default elementor-section-height-default rt-parallax-bg-no\" data-id=\"e97e222\" data-element_type=\"section\">\n\t\t\t\t\t\t<div class=\"elementor-container elementor-column-gap-default\">\n\t\t\t\t\t<div class=\"elementor-column elementor-col-33 elementor-inner-column elementor-element elementor-element-7cef8b1\" data-id=\"7cef8b1\" data-element_type=\"column\">\n\t\t\t<div class=\"elementor-widget-wrap elementor-element-populated\">\n\t\t\t\t\t\t\t\t<div class=\"elementor-element elementor-element-9c2e143 elementor-widget elementor-widget-rt-info\" data-id=\"9c2e143\" data-element_type=\"widget\" data-widget_type=\"rt-info.default\">\n\t\t\t\t<div class=\"elementor-widget-container\">\n\t\t\t<div class=\"contact-info-default info-style2\">\n\t<div class=\"contact-info\">\n\t\t<div class=\"contact-icon\">\n\t\t\t\t\t\t\t<span class=\"rtin-icon\"><i class=\"fas fa-envelope\"><\/i><\/span>\n\t\t\t\t\t<\/div>\n\t\t\t\t\t<h2 class=\"contact-title\">M\u0259lumat \u00fc\u00e7\u00fcn e-po\u00e7t<\/h2>\n\t\t\t\t  \n\t\t\t\t\t\t\t\t\t\t\t<div class=\"list-item\">\n\t\t\t\t\t\t\t\t\t\t<div class=\"list-content\">\n\t\t\t\t\t\t<span>\n\t\t\t\t\t\t\t\t\t\t\t\t\t\t\t<a href=\"mailto:ersin@ersinerler.com\">\n\t\t\t\t\t\t\t\t\tersin@ersinerler.com\t\t\t\t\t\t\t\t<\/a>\n\t\t\t\t\t\t\t\n\t\t\t\t\t\t\t\t\t\t\t\t\t<\/span>\n\t\t\t\t\t<\/div>\n\t\t\t\t\t\t\t\t\t<\/div>\n\t\t\t\t\t\t<\/div>\n<\/div>\t\t<\/div>\n\t\t\t\t<\/div>\n\t\t\t\t\t<\/div>\n\t\t<\/div>\n\t\t\t\t<div class=\"elementor-column elementor-col-33 elementor-inner-column elementor-element elementor-element-fa151d6\" data-id=\"fa151d6\" data-element_type=\"column\">\n\t\t\t<div class=\"elementor-widget-wrap elementor-element-populated\">\n\t\t\t\t\t\t\t\t<div class=\"elementor-element elementor-element-9a83eb6 elementor-widget elementor-widget-rt-info\" data-id=\"9a83eb6\" data-element_type=\"widget\" data-widget_type=\"rt-info.default\">\n\t\t\t\t<div class=\"elementor-widget-container\">\n\t\t\t<div class=\"contact-info-default info-style2\">\n\t<div class=\"contact-info\">\n\t\t<div class=\"contact-icon\">\n\t\t\t\t\t\t\t<span class=\"rtin-icon\"><i class=\"fas fa-phone-alt\"><\/i><\/span>\n\t\t\t\t\t<\/div>\n\t\t\t\t\t<h2 class=\"contact-title\"> Biz\u0259 z\u0259ng edin<\/h2>\n\t\t\t\t  \n\t\t\t\t\t\t\t\t\t\t\t<div class=\"list-item\">\n\t\t\t\t\t\t\t\t\t\t<div class=\"list-content\">\n\t\t\t\t\t\t<span>\n\t\t\t\t\t\t\t\t\t\t\t\t\t\t\t<a href=\"tel:00213-553 053 592\">\n\t\t\t\t\t\t\t\t\t00213-553 053 592\n\t\t\t\t\t\t\t\t<\/a>\n\t\t\t\t\t\t\t\n\t\t\t\t\t\t\t\t\t\t\t\t\t<\/span>\n\t\t\t\t\t<\/div>\n\t\t\t\t\t\t\t\t\t<\/div>\n\t\t\t\t\t\t\t\t\t\t\t<div class=\"list-item\">\n\t\t\t\t\t\t\t\t\t\t<div class=\"list-content\">\n\t\t\t\t\t\t<span>\n\t\t\t\t\t\t\t\t\t\t\t\t\t\t\t<a href=\"tel:00231-553 053 593\">\n\t\t\t\t\t\t\t\t\t00231-553 053 593\n\n\t\t\t\t\t\t\t\t<\/a>\n\t\t\t\t\t\t\t\n\t\t\t\t\t\t\t\t\t\t\t\t\t<\/span>\n\t\t\t\t\t<\/div>\n\t\t\t\t\t\t\t\t\t<\/div>\n\t\t\t\t\t\t\t\t\t\t\t<div class=\"list-item\">\n\t\t\t\t\t\t\t\t\t\t<div class=\"list-content\">\n\t\t\t\t\t\t<span>\n\t\t\t\t\t\t\t\t\t\t\t\t\t\t\t<a href=\"tel:00213-025 298 295\">\n\t\t\t\t\t\t\t\t\t00213-025 298 295\t\t\t\t\t\t\t\t<\/a>\n\t\t\t\t\t\t\t\n\t\t\t\t\t\t\t\t\t\t\t\t\t<\/span>\n\t\t\t\t\t<\/div>\n\t\t\t\t\t\t\t\t\t<\/div>\n\t\t\t\t\t\t<\/div>\n<\/div>\t\t<\/div>\n\t\t\t\t<\/div>\n\t\t\t\t\t<\/div>\n\t\t<\/div>\n\t\t\t\t<div class=\"elementor-column elementor-col-33 elementor-inner-column elementor-element elementor-element-9099929\" data-id=\"9099929\" data-element_type=\"column\">\n\t\t\t<div class=\"elementor-widget-wrap elementor-element-populated\">\n\t\t\t\t\t\t\t\t<div class=\"elementor-element elementor-element-e4a9d66 elementor-widget elementor-widget-rt-info\" data-id=\"e4a9d66\" data-element_type=\"widget\" data-widget_type=\"rt-info.default\">\n\t\t\t\t<div class=\"elementor-widget-container\">\n\t\t\t<div class=\"contact-info-default info-style2\">\n\t<div class=\"contact-info\">\n\t\t<div class=\"contact-icon\">\n\t\t\t\t\t\t\t<span class=\"rtin-icon\"><i class=\"fas fa-map\"><\/i><\/span>\n\t\t\t\t\t<\/div>\n\t\t\t\t\t<h2 class=\"contact-title\">M\u0259lumat \u00fc\u00e7\u00fcn e-po\u00e7t<\/h2>\n\t\t\t\t  \n\t\t\t\t\t\t\t\t\t\t\t<div class=\"list-item\">\n\t\t\t\t\t\t\t\t\t\t<div class=\"list-content\">\n\t\t\t\t\t\t<span>\n\t\t\t\t\t\t\t\t\t\t\t\t\t\t\tRue Yekhlef Ali M\u0259rk\u0259zi FERROUKHA \u2013SOUMAA\/BLIDA\n\t\t\t\t\t\t\t\t\t\t\t\t\t<\/span>\n\t\t\t\t\t<\/div>\n\t\t\t\t\t\t\t\t\t<\/div>\n\t\t\t\t\t\t<\/div>\n<\/div>\t\t<\/div>\n\t\t\t\t<\/div>\n\t\t\t\t\t<\/div>\n\t\t<\/div>\n\t\t\t\t\t\t\t<\/div>\n\t\t<\/section>\n\t\t\t\t\t<\/div>\n\t\t<\/div>\n\t\t\t\t\t\t\t<\/div>\n\t\t<\/section>\n\t\t\t\t<section class=\"elementor-section elementor-top-section elementor-element elementor-element-1774da1 elementor-section-boxed elementor-section-height-default elementor-section-height-default rt-parallax-bg-no\" data-id=\"1774da1\" data-element_type=\"section\">\n\t\t\t\t\t\t<div class=\"elementor-container elementor-column-gap-default\">\n\t\t\t\t\t<div class=\"elementor-column elementor-col-100 elementor-top-column elementor-element elementor-element-ca4631a\" data-id=\"ca4631a\" data-element_type=\"column\">\n\t\t\t<div class=\"elementor-widget-wrap elementor-element-populated\">\n\t\t\t\t\t\t\t\t<div class=\"elementor-element elementor-element-87e426b elementor-widget elementor-widget-rt-cta\" data-id=\"87e426b\" data-element_type=\"widget\" data-widget_type=\"rt-cta.default\">\n\t\t\t\t<div class=\"elementor-widget-container\">\n\t\t\t<div class=\"cta-default cta-style1 show-image\">\n\t<div class=\"action-box\">\n\t\t\t\t\t<div class=\"action-box-img\">\n\t\t\t\t<img loading=\"lazy\" decoding=\"async\" width=\"586\" height=\"195\" src=\"https:\/\/ersinerler.com\/wp-content\/uploads\/2021\/10\/blog39.jpg\" class=\"attachment-full size-full\" alt=\"\" \/>\t\t\t<\/div>\n\t\t\t\t<div class=\"cta-info\">\n\t\t\t<div class=\"title\">\n\t\t\t\t<h2 class=\"cta-title\">Pe\u015f\u0259kar h\u0259ll \u00fc\u00e7\u00fcn sizinl\u0259yik<\/h2>\n\t\t\t<\/div>\n\t\t\t\t\t\t\t<div class=\"cta-contact-box\">\n\t\t\t\t\t\t\t\t\t\t\t<div class=\"cta-contact cta-contact-1\">\n\t\t\t\t\t\t\t\t\t\t\t\t\t\t\t<div class=\"contact-icon\"><i class=\"far fa-comments\"><\/i><\/div>\n\t\t\t\t\t\t\t\t\t\t\t\t\t\t<div class=\"contact-content\">\n\t\t\t\t\t\t\t\t\t\t\t\t\t\t\t\t\t<div class=\"contact-title\">N\u00f6mr\u0259<\/div>\n\t\t\t\t\t\t\t\t\t\t\t\t\t\t\t\t\t\t\t\t\t\t\t\t\t<div class=\"contact-info\"><a href=\"tel:00213-553 053 592\">00213-553 053 592<\/a><\/div>\n\t\t\t\t\t\t\t\t\t\t\t\t\t\t\t<\/div>\n\t\t\t\t\t\t<\/div>\n\t\t\t\t\t\t\t\t\t\t\t\t\t\t\t\t<div class=\"cta-contact cta-contact-2\">\n\t\t\t\t\t\t\t\t\t\t\t\t\t\t\t<div class=\"contact-icon\"><i class=\"far fa-envelope\"><\/i><\/div>\n\t\t\t\t\t\t\t\t\t\t\t\t\t\t<div class=\"contact-content\">\n\t\t\t\t\t\t\t\t\t\t\t\t\t\t\t\t\t<div class=\"contact-title\">E-po\u00e7t<\/div>\n\t\t\t\t\t\t\t\t\t\t\t\t\t\t\t\t\t\t\t\t\t\t\t\t\t<div class=\"contact-info\"><a href=\"mailto:ersin@ersinerler.com\">ersin@ersinerler.com<\/a><\/div>\n\t\t\t\t\t\t\t\t\t\t\t\t\t\t\t<\/div>\n\t\t\t\t\t\t<\/div>\n\t\t\t\t\t\t\t\t\t<\/div>\n\t\t\t\t\t<\/div>\n\t<\/div>\n<\/div>\n\t\t<\/div>\n\t\t\t\t<\/div>\n\t\t\t\t\t<\/div>\n\t\t<\/div>\n\t\t\t\t\t\t\t<\/div>\n\t\t<\/section>\n\t\t\t\t\t\t\t<\/div>","protected":false},"excerpt":{"rendered":"<p>M\u0259lumat \u00fc\u00e7\u00fcn po\u00e7t ersin@ersinerler.com Biz\u0259 z\u0259ng edin 00213-553 053 592 00231-553 053 593 00213-025 298 295 M\u0259lumat \u00fc\u00e7\u00fcn po\u00e7t Rue yekhlef Ali Center FERROUKHA \u2013 SOUMAA\/BLIDA N\u00f6mr\u0259 sizinl\u0259 SOUMAA\/BLIDA 0503 pe\u015f\u0259kar n\u00f6mr\u0259 il\u0259 0505- 592 E-po\u00e7t ersin@ersinerler.com<\/p>","protected":false},"author":1,"featured_media":0,"parent":0,"menu_order":0,"comment_status":"closed","ping_status":"closed","template":"elementor_header_footer","meta":{"footnotes":""},"_links":{"self":[{"href":"https:\/\/ersinerler.com\/az\/wp-json\/wp\/v2\/pages\/4635"}],"collection":[{"href":"https:\/\/ersinerler.com\/az\/wp-json\/wp\/v2\/pages"}],"about":[{"href":"https:\/\/ersinerler.com\/az\/wp-json\/wp\/v2\/types\/page"}],"author":[{"embeddable":true,"href":"https:\/\/ersinerler.com\/az\/wp-json\/wp\/v2\/users\/1"}],"replies":[{"embeddable":true,"href":"https:\/\/ersinerler.com\/az\/wp-json\/wp\/v2\/comments?post=4635"}],"version-history":[{"count":13,"href":"https:\/\/ersinerler.com\/az\/wp-json\/wp\/v2\/pages\/4635\/revisions"}],"predecessor-version":[{"id":8348,"href":"https:\/\/ersinerler.com\/az\/wp-json\/wp\/v2\/pages\/4635\/revisions\/8348"}],"wp:attachment":[{"href":"https:\/\/ersinerler.com\/az\/wp-json\/wp\/v2\/media?parent=4635"}],"curies":[{"name":"wp","href":"https:\/\/api.w.org\/{rel}","templated":true}]}}