{"id":4528,"date":"2021-11-18T07:43:07","date_gmt":"2021-11-18T07:43:07","guid":{"rendered":"https:\/\/ersinerler.com\/?page_id=4528"},"modified":"2022-07-31T22:03:57","modified_gmt":"2022-07-31T22:03:57","slug":"institutionnel","status":"publish","type":"page","link":"https:\/\/ersinerler.com\/bs\/institutionnel\/","title":{"rendered":"INSTITUCIONALNI"},"content":{"rendered":"<div data-elementor-type=\"wp-page\" data-elementor-id=\"4528\" class=\"elementor elementor-4528\">\n\t\t\t\t\t\t\t\t\t<section class=\"elementor-section elementor-top-section elementor-element elementor-element-727c1be elementor-section-boxed elementor-section-height-default elementor-section-height-default rt-parallax-bg-no\" data-id=\"727c1be\" data-element_type=\"section\">\n\t\t\t\t\t\t<div class=\"elementor-container elementor-column-gap-default\">\n\t\t\t\t\t<div class=\"elementor-column elementor-col-100 elementor-top-column elementor-element elementor-element-7402d63\" data-id=\"7402d63\" data-element_type=\"column\">\n\t\t\t<div class=\"elementor-widget-wrap elementor-element-populated\">\n\t\t\t\t\t\t\t\t<section class=\"elementor-section elementor-inner-section elementor-element elementor-element-8aff071 elementor-section-boxed elementor-section-height-default elementor-section-height-default rt-parallax-bg-no\" data-id=\"8aff071\" data-element_type=\"section\">\n\t\t\t\t\t\t<div class=\"elementor-container elementor-column-gap-default\">\n\t\t\t\t\t<div class=\"elementor-column elementor-col-50 elementor-inner-column elementor-element elementor-element-9ab2b0c\" data-id=\"9ab2b0c\" data-element_type=\"column\">\n\t\t\t<div class=\"elementor-widget-wrap elementor-element-populated\">\n\t\t\t\t\t\t\t\t<div class=\"elementor-element elementor-element-2a4a17a elementor-widget elementor-widget-rt-text-with-button\" data-id=\"2a4a17a\" data-element_type=\"widget\" data-widget_type=\"rt-text-with-button.default\">\n\t\t\t\t<div class=\"elementor-widget-container\">\n\t\t\t<div class=\"title-text-button barshow text-style1\">\n\t\n\t\t\t<h4 class=\"subtitle style1\">CORPORATE ERLER YAPI SISTEMLERI <span class=\"title-bar1\"><\/span><span class=\"title-bar2\"><\/span><\/h4>\n\t\t\t\t<h2 class=\"section-title\">O NAMA<\/h2>\t<div class=\"section-content\"><p class=\"icerik-text\">Osnovana 1996. godine u ISTANBULU Kompanija ERLER YAPI SISTEMLERI je preduzela proces preseljenja i u\u017eivala desetogodi\u0161nje iskustvo u transformaciji aluminijuma da bi se od 2006. godine etablirala u Al\u017eiru pod imenom<\/p><\/div>\n\t<\/div>\t\t<\/div>\n\t\t\t\t<\/div>\n\t\t\t\t\t<\/div>\n\t\t<\/div>\n\t\t\t\t<div class=\"elementor-column elementor-col-50 elementor-inner-column elementor-element elementor-element-65c0cae\" data-id=\"65c0cae\" data-element_type=\"column\">\n\t\t\t<div class=\"elementor-widget-wrap elementor-element-populated\">\n\t\t\t\t\t\t\t\t<div class=\"elementor-element elementor-element-a10774a elementor-widget elementor-widget-rt-text-with-button\" data-id=\"a10774a\" data-element_type=\"widget\" data-widget_type=\"rt-text-with-button.default\">\n\t\t\t\t<div class=\"elementor-widget-container\">\n\t\t\t<div class=\"title-text-button barshow text-style1\">\n\t\n\t\t\t<h4 class=\"subtitle style1\">SER ALUMINIJSKI UGRADNI SISTEM<span class=\"title-bar1\"><\/span><span class=\"title-bar2\"><\/span><\/h4>\n\t\t\t\t<h2 class=\"section-title\">SER ALUMINIJSKI UGRADNI SISTEM\n<\/h2>\t<div class=\"section-content\"><p class=\"icerik-text\">Sna\u017ena svojim iskustvom i kvalitetom poznatog dobavlja\u010da kao i know opreme, na\u0161a kompanija Vam nudi kompletnu uslugu od projektovanja do zavr\u0161etka u skladu sa evropskim standardima i rokovima zavr\u0161etka.<\/p><p class=\"icerik-text\">Procjena sa 3D modeliranjem \u0107e vam biti saop\u0161tena besplatno, uklju\u010duju\u0107i dva tehni\u010dka i finansijska leta<\/p><p class=\"icerik-text\">EURL SER ALUMINIJUM UGRADNI SISTEM ali Vam stoji na raspolaganju njegovo znanje i iskustvo u pogledu nabavke i ugradnje\u00a0<\/p><\/div>\n\t<\/div>\t\t<\/div>\n\t\t\t\t<\/div>\n\t\t\t\t\t<\/div>\n\t\t<\/div>\n\t\t\t\t\t\t\t<\/div>\n\t\t<\/section>\n\t\t\t\t<div class=\"elementor-element elementor-element-08f5cb6 elementor-widget elementor-widget-text-editor\" data-id=\"08f5cb6\" data-element_type=\"widget\" data-widget_type=\"text-editor.default\">\n\t\t\t\t<div class=\"elementor-widget-container\">\n\t\t\t<style>\/*! elementor - v3.6.7 - 03-07-2022 *\/\n.elementor-widget-text-editor.elementor-drop-cap-view-stacked .elementor-drop-cap{background-color:#818a91;color:#fff}.elementor-widget-text-editor.elementor-drop-cap-view-framed .elementor-drop-cap{color:#818a91;border:3px solid;background-color:transparent}.elementor-widget-text-editor:not(.elementor-drop-cap-view-default) .elementor-drop-cap{margin-top:8px}.elementor-widget-text-editor:not(.elementor-drop-cap-view-default) .elementor-drop-cap-letter{width:1em;height:1em}.elementor-widget-text-editor .elementor-drop-cap{float:left;text-align:center;line-height:1;font-size:50px}.elementor-widget-text-editor .elementor-drop-cap-letter{display:inline-block}<\/style>\t\t\t\t<p><strong>Aluminijumski zid zavjese<\/strong><br \/>Sistem SPIDER \/ VEC \/ VEP<\/p><p><strong>Aluminijumska vrata i prozori<\/strong><br \/>Standardni profil ili izo barijera sa jednostrukim ili dvostrukim staklom u gasnom argonu<\/p><p><strong>Aluminijumska roletna<\/strong><br \/>Motorizovani ili ru\u010dni sistem<\/p><p><strong>Aluminijumska ograda<\/strong><br \/>Terasa \/ stepeni\u0161te \/ balkon<\/p><p><strong>kancelarijska particija<\/strong><br \/>Odvajanje ureda \/ dizajn interijera<\/p><p><strong>Automatska vrata<\/strong><br \/>Mobilna slika<\/p><p><strong>Krovni prozor i sunce<\/strong><br \/>Staklena kupola i rje\u0161enje za sun\u010danje<\/p><p><strong>zimski vrt<\/strong><br \/>Sistem pokrivenog prostora od aluminijuma i izotermnog i akusti\u010dnog stakla<\/p><p><strong>Oblaganje fasada<\/strong><br \/>Kompozitni paneli, ventilirane fasade<\/p>\t\t\t\t\t\t<\/div>\n\t\t\t\t<\/div>\n\t\t\t\t\t<\/div>\n\t\t<\/div>\n\t\t\t\t\t\t\t<\/div>\n\t\t<\/section>\n\t\t\t\t\t\t\t<\/div>","protected":false},"excerpt":{"rendered":"<p>INSTITUCIONALNA ERLER YAPI SISTEMLERI O NAMA Osnovana 1996. godine u ISTANBULU Kompanija ERLER YAPI SISTEMLERI je preduzela proces preseljenja u\u017eivaju desetogodi\u0161nje iskustvo u transformaciji aluminijuma za postavljanje od 2006. godine u Al\u017eiru pod imenom SER ALUMINIUM SISTEMLERI BUILT ALUSYSTEM Forte od [\u2026]<\/p>","protected":false},"author":1,"featured_media":0,"parent":0,"menu_order":0,"comment_status":"closed","ping_status":"closed","template":"elementor_header_footer","meta":{"footnotes":""},"_links":{"self":[{"href":"https:\/\/ersinerler.com\/bs\/wp-json\/wp\/v2\/pages\/4528"}],"collection":[{"href":"https:\/\/ersinerler.com\/bs\/wp-json\/wp\/v2\/pages"}],"about":[{"href":"https:\/\/ersinerler.com\/bs\/wp-json\/wp\/v2\/types\/page"}],"author":[{"embeddable":true,"href":"https:\/\/ersinerler.com\/bs\/wp-json\/wp\/v2\/users\/1"}],"replies":[{"embeddable":true,"href":"https:\/\/ersinerler.com\/bs\/wp-json\/wp\/v2\/comments?post=4528"}],"version-history":[{"count":5,"href":"https:\/\/ersinerler.com\/bs\/wp-json\/wp\/v2\/pages\/4528\/revisions"}],"predecessor-version":[{"id":8364,"href":"https:\/\/ersinerler.com\/bs\/wp-json\/wp\/v2\/pages\/4528\/revisions\/8364"}],"wp:attachment":[{"href":"https:\/\/ersinerler.com\/bs\/wp-json\/wp\/v2\/media?parent=4528"}],"curies":[{"name":"wp","href":"https:\/\/api.w.org\/{rel}","templated":true}]}}