{"id":4528,"date":"2021-11-18T07:43:07","date_gmt":"2021-11-18T07:43:07","guid":{"rendered":"https:\/\/ersinerler.com\/?page_id=4528"},"modified":"2022-07-31T22:03:57","modified_gmt":"2022-07-31T22:03:57","slug":"institutionnel","status":"publish","type":"page","link":"https:\/\/ersinerler.com\/de\/institutionnel\/","title":{"rendered":"INSTITUTIONELL"},"content":{"rendered":"<div data-elementor-type=\"wp-page\" data-elementor-id=\"4528\" class=\"elementor elementor-4528\">\n\t\t\t\t\t\t\t\t\t<section class=\"elementor-section elementor-top-section elementor-element elementor-element-727c1be elementor-section-boxed elementor-section-height-default elementor-section-height-default rt-parallax-bg-no\" data-id=\"727c1be\" data-element_type=\"section\">\n\t\t\t\t\t\t<div class=\"elementor-container elementor-column-gap-default\">\n\t\t\t\t\t<div class=\"elementor-column elementor-col-100 elementor-top-column elementor-element elementor-element-7402d63\" data-id=\"7402d63\" data-element_type=\"column\">\n\t\t\t<div class=\"elementor-widget-wrap elementor-element-populated\">\n\t\t\t\t\t\t\t\t<section class=\"elementor-section elementor-inner-section elementor-element elementor-element-8aff071 elementor-section-boxed elementor-section-height-default elementor-section-height-default rt-parallax-bg-no\" data-id=\"8aff071\" data-element_type=\"section\">\n\t\t\t\t\t\t<div class=\"elementor-container elementor-column-gap-default\">\n\t\t\t\t\t<div class=\"elementor-column elementor-col-50 elementor-inner-column elementor-element elementor-element-9ab2b0c\" data-id=\"9ab2b0c\" data-element_type=\"column\">\n\t\t\t<div class=\"elementor-widget-wrap elementor-element-populated\">\n\t\t\t\t\t\t\t\t<div class=\"elementor-element elementor-element-2a4a17a elementor-widget elementor-widget-rt-text-with-button\" data-id=\"2a4a17a\" data-element_type=\"widget\" data-widget_type=\"rt-text-with-button.default\">\n\t\t\t\t<div class=\"elementor-widget-container\">\n\t\t\t<div class=\"title-text-button barshow text-style1\">\n\t\n\t\t\t<h4 class=\"subtitle style1\">UNTERNEHMEN ERLER YAPI SISTEMLERI <span class=\"title-bar1\"><\/span><span class=\"title-bar2\"><\/span><\/h4>\n\t\t\t\t<h2 class=\"section-title\">\u00dcBER UNS<\/h2>\t<div class=\"section-content\"><p class=\"icerik-text\">Gegr\u00fcndet 1996 in ISTANBUL Das Unternehmen ERLER YAPI SISTEMLERI hat einen Prozess der Verlagerung unternommen und genie\u00dft zehn Jahre Erfahrung in der Verarbeitung von Aluminium, um sich ab 2006 in Algerien unter dem Namen zu etablieren<\/p><\/div>\n\t<\/div>\t\t<\/div>\n\t\t\t\t<\/div>\n\t\t\t\t\t<\/div>\n\t\t<\/div>\n\t\t\t\t<div class=\"elementor-column elementor-col-50 elementor-inner-column elementor-element elementor-element-65c0cae\" data-id=\"65c0cae\" data-element_type=\"column\">\n\t\t\t<div class=\"elementor-widget-wrap elementor-element-populated\">\n\t\t\t\t\t\t\t\t<div class=\"elementor-element elementor-element-a10774a elementor-widget elementor-widget-rt-text-with-button\" data-id=\"a10774a\" data-element_type=\"widget\" data-widget_type=\"rt-text-with-button.default\">\n\t\t\t\t<div class=\"elementor-widget-container\">\n\t\t\t<div class=\"title-text-button barshow text-style1\">\n\t\n\t\t\t<h4 class=\"subtitle style1\">SER ALUMINIUMBAUSYSTEM<span class=\"title-bar1\"><\/span><span class=\"title-bar2\"><\/span><\/h4>\n\t\t\t\t<h2 class=\"section-title\">SER ALUMINIUMBAUSYSTEM\n<\/h2>\t<div class=\"section-content\"><p class=\"icerik-text\">Gest\u00e4rkt durch seine Erfahrung und die Qualit\u00e4t von bekannten Lieferanten sowie bekannter Ausr\u00fcstung bietet Ihnen unser Unternehmen einen kompletten Service von der Planung bis zur Fertigstellung unter Einhaltung europ\u00e4ischer Normen und Fertigstellungsfristen.<\/p><p class=\"icerik-text\">Ein Kostenvoranschlag mit 3D-Modellierung wird Ihnen kostenlos mitgeteilt, einschlie\u00dflich zweier technischer und finanzieller Fl\u00fcge<\/p><p class=\"icerik-text\">EURL SER ALUMINIUM BUILT SYSTEM, sondern steht Ihnen mit seinem Know-how in Bezug auf Lieferung und Installation zur Verf\u00fcgung\u00a0<\/p><\/div>\n\t<\/div>\t\t<\/div>\n\t\t\t\t<\/div>\n\t\t\t\t\t<\/div>\n\t\t<\/div>\n\t\t\t\t\t\t\t<\/div>\n\t\t<\/section>\n\t\t\t\t<div class=\"elementor-element elementor-element-08f5cb6 elementor-widget elementor-widget-text-editor\" data-id=\"08f5cb6\" data-element_type=\"widget\" data-widget_type=\"text-editor.default\">\n\t\t\t\t<div class=\"elementor-widget-container\">\n\t\t\t<style>\/*! elementor - v3.6.7 - 03-07-2022 *\/\n.elementor-widget-text-editor.elementor-drop-cap-view-stacked .elementor-drop-cap{background-color:#818a91;color:#fff}.elementor-widget-text-editor.elementor-drop-cap-view-framed .elementor-drop-cap{color:#818a91;border:3px solid;background-color:transparent}.elementor-widget-text-editor:not(.elementor-drop-cap-view-default) .elementor-drop-cap{margin-top:8px}.elementor-widget-text-editor:not(.elementor-drop-cap-view-default) .elementor-drop-cap-letter{width:1em;height:1em}.elementor-widget-text-editor .elementor-drop-cap{float:left;text-align:center;line-height:1;font-size:50px}.elementor-widget-text-editor .elementor-drop-cap-letter{display:inline-block}<\/style>\t\t\t\t<p><strong>Vorhangfassade aus Aluminium<\/strong><br \/>System SPIDER \/ VEC \/ VEP<\/p><p><strong>T\u00fcr und Fenster aus Aluminium<\/strong><br \/>Standardprofil oder Isobarriere mit Einfach- oder Doppelverglasung in Argongas<\/p><p><strong>Rollladen aus Aluminium<\/strong><br \/>Motorisiertes oder manuelles System<\/p><p><strong>Gel\u00e4nder aus Aluminium<\/strong><br \/>Terrasse \/ Treppenhaus \/ Balkon<\/p><p><strong>B\u00fcro-Trennwand<\/strong><br \/>B\u00fcrotrennung \/ Innenausbau<\/p><p><strong>Automatische T\u00fcr<\/strong><br \/>Mobilfunkbild<\/p><p><strong>Oberlicht und Sonne<\/strong><br \/>Glaskuppel und Sonnenschutzl\u00f6sung<\/p><p><strong>Wintergarten<\/strong><br \/>\u00dcberdachtes Raumsystem aus Aluminium und isothermischem und akustischem Glas<\/p><p><strong>Verkleidung von Fassaden<\/strong><br \/>Verbundplatten, hinterl\u00fcftete Fassaden<\/p>\t\t\t\t\t\t<\/div>\n\t\t\t\t<\/div>\n\t\t\t\t\t<\/div>\n\t\t<\/div>\n\t\t\t\t\t\t\t<\/div>\n\t\t<\/section>\n\t\t\t\t\t\t\t<\/div>","protected":false},"excerpt":{"rendered":"<p>INSTITUTIONAL ERLER YAPI SISTEMLERI \u00dcBER UNS Das 1996 in ISTANBUL gegr\u00fcndete Unternehmen ERLER YAPI SISTEMLERI unternahm einen Prozess der Verlagerung und genoss zehn Jahre Erfahrung in der Verarbeitung von Aluminium, um es ab 2006 in Algerien unter dem Namen SER ALUMINIUM BUILT SYSTEM SER ALUMINIUM BUILT SYSTEM zu gr\u00fcnden St\u00e4rke von [\u2026]<\/p>","protected":false},"author":1,"featured_media":0,"parent":0,"menu_order":0,"comment_status":"closed","ping_status":"closed","template":"elementor_header_footer","meta":{"footnotes":""},"_links":{"self":[{"href":"https:\/\/ersinerler.com\/de\/wp-json\/wp\/v2\/pages\/4528"}],"collection":[{"href":"https:\/\/ersinerler.com\/de\/wp-json\/wp\/v2\/pages"}],"about":[{"href":"https:\/\/ersinerler.com\/de\/wp-json\/wp\/v2\/types\/page"}],"author":[{"embeddable":true,"href":"https:\/\/ersinerler.com\/de\/wp-json\/wp\/v2\/users\/1"}],"replies":[{"embeddable":true,"href":"https:\/\/ersinerler.com\/de\/wp-json\/wp\/v2\/comments?post=4528"}],"version-history":[{"count":5,"href":"https:\/\/ersinerler.com\/de\/wp-json\/wp\/v2\/pages\/4528\/revisions"}],"predecessor-version":[{"id":8364,"href":"https:\/\/ersinerler.com\/de\/wp-json\/wp\/v2\/pages\/4528\/revisions\/8364"}],"wp:attachment":[{"href":"https:\/\/ersinerler.com\/de\/wp-json\/wp\/v2\/media?parent=4528"}],"curies":[{"name":"wp","href":"https:\/\/api.w.org\/{rel}","templated":true}]}}