{"id":4528,"date":"2021-11-18T07:43:07","date_gmt":"2021-11-18T07:43:07","guid":{"rendered":"https:\/\/ersinerler.com\/?page_id=4528"},"modified":"2022-07-31T22:03:57","modified_gmt":"2022-07-31T22:03:57","slug":"institutionnel","status":"publish","type":"page","link":"https:\/\/ersinerler.com\/es\/institutionnel\/","title":{"rendered":"INSTITUCIONAL"},"content":{"rendered":"<div data-elementor-type=\"wp-page\" data-elementor-id=\"4528\" class=\"elementor elementor-4528\">\n\t\t\t\t\t\t\t\t\t<section class=\"elementor-section elementor-top-section elementor-element elementor-element-727c1be elementor-section-boxed elementor-section-height-default elementor-section-height-default rt-parallax-bg-no\" data-id=\"727c1be\" data-element_type=\"section\">\n\t\t\t\t\t\t<div class=\"elementor-container elementor-column-gap-default\">\n\t\t\t\t\t<div class=\"elementor-column elementor-col-100 elementor-top-column elementor-element elementor-element-7402d63\" data-id=\"7402d63\" data-element_type=\"column\">\n\t\t\t<div class=\"elementor-widget-wrap elementor-element-populated\">\n\t\t\t\t\t\t\t\t<section class=\"elementor-section elementor-inner-section elementor-element elementor-element-8aff071 elementor-section-boxed elementor-section-height-default elementor-section-height-default rt-parallax-bg-no\" data-id=\"8aff071\" data-element_type=\"section\">\n\t\t\t\t\t\t<div class=\"elementor-container elementor-column-gap-default\">\n\t\t\t\t\t<div class=\"elementor-column elementor-col-50 elementor-inner-column elementor-element elementor-element-9ab2b0c\" data-id=\"9ab2b0c\" data-element_type=\"column\">\n\t\t\t<div class=\"elementor-widget-wrap elementor-element-populated\">\n\t\t\t\t\t\t\t\t<div class=\"elementor-element elementor-element-2a4a17a elementor-widget elementor-widget-rt-text-with-button\" data-id=\"2a4a17a\" data-element_type=\"widget\" data-widget_type=\"rt-text-with-button.default\">\n\t\t\t\t<div class=\"elementor-widget-container\">\n\t\t\t<div class=\"title-text-button barshow text-style1\">\n\t\n\t\t\t<h4 class=\"subtitle style1\">CORPORATIVO ERLER YAPI SISTEMLERI <span class=\"title-bar1\"><\/span><span class=\"title-bar2\"><\/span><\/h4>\n\t\t\t\t<h2 class=\"section-title\">A PROP\u00d3SITO DE NOSOTROS<\/h2>\t<div class=\"section-content\"><p class=\"icerik-text\">Creada en 1996 en ESTAMBUL La empresa ERLER YAPI SISTEMLERI emprendi\u00f3 un proceso de reubicaci\u00f3n gozando de diez a\u00f1os de experiencia en la transformaci\u00f3n del aluminio para establecerse a partir de 2006 en Argelia bajo el nombre de<\/p><\/div>\n\t<\/div>\t\t<\/div>\n\t\t\t\t<\/div>\n\t\t\t\t\t<\/div>\n\t\t<\/div>\n\t\t\t\t<div class=\"elementor-column elementor-col-50 elementor-inner-column elementor-element elementor-element-65c0cae\" data-id=\"65c0cae\" data-element_type=\"column\">\n\t\t\t<div class=\"elementor-widget-wrap elementor-element-populated\">\n\t\t\t\t\t\t\t\t<div class=\"elementor-element elementor-element-a10774a elementor-widget elementor-widget-rt-text-with-button\" data-id=\"a10774a\" data-element_type=\"widget\" data-widget_type=\"rt-text-with-button.default\">\n\t\t\t\t<div class=\"elementor-widget-container\">\n\t\t\t<div class=\"title-text-button barshow text-style1\">\n\t\n\t\t\t<h4 class=\"subtitle style1\">SER SISTEMA CONSTRUIDO EN ALUMINIO<span class=\"title-bar1\"><\/span><span class=\"title-bar2\"><\/span><\/h4>\n\t\t\t\t<h2 class=\"section-title\">SER SISTEMA CONSTRUIDO EN ALUMINIO\n<\/h2>\t<div class=\"section-content\"><p class=\"icerik-text\">Fuerte por su experiencia y la calidad del proveedor conocido, as\u00ed como del equipo conocido, nuestra empresa le ofrece un servicio completo desde el dise\u00f1o hasta la finalizaci\u00f3n de conformidad con los est\u00e1ndares europeos y los plazos de finalizaci\u00f3n.<\/p><p class=\"icerik-text\">Se le comunicar\u00e1 un presupuesto con modelado 3D sin cargo que incluye dos vuelos t\u00e9cnicos y financieros<\/p><p class=\"icerik-text\">EURL SER SISTEMA CONSTRUIDO EN ALUMINIO pero a su disposici\u00f3n su know-how en cuanto a suministro e instalaci\u00f3n\u00a0<\/p><\/div>\n\t<\/div>\t\t<\/div>\n\t\t\t\t<\/div>\n\t\t\t\t\t<\/div>\n\t\t<\/div>\n\t\t\t\t\t\t\t<\/div>\n\t\t<\/section>\n\t\t\t\t<div class=\"elementor-element elementor-element-08f5cb6 elementor-widget elementor-widget-text-editor\" data-id=\"08f5cb6\" data-element_type=\"widget\" data-widget_type=\"text-editor.default\">\n\t\t\t\t<div class=\"elementor-widget-container\">\n\t\t\t<style>\/*! elementor - v3.6.7 - 03-07-2022 *\/\n.elementor-widget-text-editor.elementor-drop-cap-view-stacked .elementor-drop-cap{background-color:#818a91;color:#fff}.elementor-widget-text-editor.elementor-drop-cap-view-framed .elementor-drop-cap{color:#818a91;border:3px solid;background-color:transparent}.elementor-widget-text-editor:not(.elementor-drop-cap-view-default) .elementor-drop-cap{margin-top:8px}.elementor-widget-text-editor:not(.elementor-drop-cap-view-default) .elementor-drop-cap-letter{width:1em;height:1em}.elementor-widget-text-editor .elementor-drop-cap{float:left;text-align:center;line-height:1;font-size:50px}.elementor-widget-text-editor .elementor-drop-cap-letter{display:inline-block}<\/style>\t\t\t\t<p><strong>Muro cortina de aluminio<\/strong><br \/>Sistema ARA\u00d1A \/ VEC \/ VEP<\/p><p><strong>Puerta y ventana de aluminio<\/strong><br \/>Perfil est\u00e1ndar o iso barrera con acristalamiento simple o doble en gas arg\u00f3n<\/p><p><strong>Persiana enrollable de aluminio<\/strong><br \/>Sistema motorizado o manual<\/p><p><strong>barandilla de aluminio<\/strong><br \/>Terraza \/ escalera \/ balc\u00f3n<\/p><p><strong>mampara de oficina<\/strong><br \/>Separaci\u00f3n de oficinas \/ interiorismo<\/p><p><strong>Puerta autom\u00e1tica<\/strong><br \/>imagen celular<\/p><p><strong>Tragaluz y por el sol<\/strong><br \/>Soluci\u00f3n de c\u00fapula de vidrio y protecci\u00f3n solar<\/p><p><strong>Jard\u00edn de invierno<\/strong><br \/>Sistema de espacio cubierto en aluminio y vidrio isot\u00e9rmico y ac\u00fastico<\/p><p><strong>Revestimiento de fachadas<\/strong><br \/>Paneles composite, fachadas ventiladas<\/p>\t\t\t\t\t\t<\/div>\n\t\t\t\t<\/div>\n\t\t\t\t\t<\/div>\n\t\t<\/div>\n\t\t\t\t\t\t\t<\/div>\n\t\t<\/section>\n\t\t\t\t\t\t\t<\/div>","protected":false},"excerpt":{"rendered":"<p>INSTITUCIONAL ERLER YAPI SISTEMLERI NOSOTROS Creada en 1996 en ESTAMBUL La empresa ERLER YAPI SISTEMLERI emprendi\u00f3 un proceso de reubicaci\u00f3n disfruta de diez a\u00f1os de experiencia en la transformaci\u00f3n del aluminio para establecerse a partir de 2006 en Argelia bajo el nombre de SER ALUMINUM BUILT SYSTEM SER ALUMINUM BUILT SYSTEM Fuerte por [\u2026]<\/p>","protected":false},"author":1,"featured_media":0,"parent":0,"menu_order":0,"comment_status":"closed","ping_status":"closed","template":"elementor_header_footer","meta":{"footnotes":""},"_links":{"self":[{"href":"https:\/\/ersinerler.com\/es\/wp-json\/wp\/v2\/pages\/4528"}],"collection":[{"href":"https:\/\/ersinerler.com\/es\/wp-json\/wp\/v2\/pages"}],"about":[{"href":"https:\/\/ersinerler.com\/es\/wp-json\/wp\/v2\/types\/page"}],"author":[{"embeddable":true,"href":"https:\/\/ersinerler.com\/es\/wp-json\/wp\/v2\/users\/1"}],"replies":[{"embeddable":true,"href":"https:\/\/ersinerler.com\/es\/wp-json\/wp\/v2\/comments?post=4528"}],"version-history":[{"count":5,"href":"https:\/\/ersinerler.com\/es\/wp-json\/wp\/v2\/pages\/4528\/revisions"}],"predecessor-version":[{"id":8364,"href":"https:\/\/ersinerler.com\/es\/wp-json\/wp\/v2\/pages\/4528\/revisions\/8364"}],"wp:attachment":[{"href":"https:\/\/ersinerler.com\/es\/wp-json\/wp\/v2\/media?parent=4528"}],"curies":[{"name":"wp","href":"https:\/\/api.w.org\/{rel}","templated":true}]}}