{"id":4528,"date":"2021-11-18T07:43:07","date_gmt":"2021-11-18T07:43:07","guid":{"rendered":"https:\/\/ersinerler.com\/?page_id=4528"},"modified":"2022-07-31T22:03:57","modified_gmt":"2022-07-31T22:03:57","slug":"institutionnel","status":"publish","type":"page","link":"https:\/\/ersinerler.com\/tr\/institutionnel\/","title":{"rendered":"KURUMSAL"},"content":{"rendered":"<div data-elementor-type=\"wp-page\" data-elementor-id=\"4528\" class=\"elementor elementor-4528\">\n\t\t\t\t\t\t\t\t\t<section class=\"elementor-section elementor-top-section elementor-element elementor-element-727c1be elementor-section-boxed elementor-section-height-default elementor-section-height-default rt-parallax-bg-no\" data-id=\"727c1be\" data-element_type=\"section\">\n\t\t\t\t\t\t<div class=\"elementor-container elementor-column-gap-default\">\n\t\t\t\t\t<div class=\"elementor-column elementor-col-100 elementor-top-column elementor-element elementor-element-7402d63\" data-id=\"7402d63\" data-element_type=\"column\">\n\t\t\t<div class=\"elementor-widget-wrap elementor-element-populated\">\n\t\t\t\t\t\t\t\t<section class=\"elementor-section elementor-inner-section elementor-element elementor-element-8aff071 elementor-section-boxed elementor-section-height-default elementor-section-height-default rt-parallax-bg-no\" data-id=\"8aff071\" data-element_type=\"section\">\n\t\t\t\t\t\t<div class=\"elementor-container elementor-column-gap-default\">\n\t\t\t\t\t<div class=\"elementor-column elementor-col-50 elementor-inner-column elementor-element elementor-element-9ab2b0c\" data-id=\"9ab2b0c\" data-element_type=\"column\">\n\t\t\t<div class=\"elementor-widget-wrap elementor-element-populated\">\n\t\t\t\t\t\t\t\t<div class=\"elementor-element elementor-element-2a4a17a elementor-widget elementor-widget-rt-text-with-button\" data-id=\"2a4a17a\" data-element_type=\"widget\" data-widget_type=\"rt-text-with-button.default\">\n\t\t\t\t<div class=\"elementor-widget-container\">\n\t\t\t<div class=\"title-text-button barshow text-style1\">\n\t\n\t\t\t<h4 class=\"subtitle style1\">KURUMSAL ERLER YAPI S\u0130STEMLER\u0130 <span class=\"title-bar1\"><\/span><span class=\"title-bar2\"><\/span><\/h4>\n\t\t\t\t<h2 class=\"section-title\">HAKKIMIZDA<\/h2>\t<div class=\"section-content\"><p class=\"icerik-text\">1996 y\u0131l\u0131nda \u0130STANBUL&#039;da kurulan ERLER YAPI S\u0130STEMLER\u0130 \u015firketi, al\u00fcminyumun d\u00f6n\u00fc\u015f\u00fcm\u00fcnde on y\u0131ll\u0131k deneyimin tad\u0131n\u0131 \u00e7\u0131karmak i\u00e7in bir yer de\u011fi\u015ftirme s\u00fcrecini \u00fcstlenmi\u015f ve 2006&#039;dan itibaren Cezayir&#039;de ad\u0131 alt\u0131nda kendisini kurmu\u015ftur.<\/p><\/div>\n\t<\/div>\t\t<\/div>\n\t\t\t\t<\/div>\n\t\t\t\t\t<\/div>\n\t\t<\/div>\n\t\t\t\t<div class=\"elementor-column elementor-col-50 elementor-inner-column elementor-element elementor-element-65c0cae\" data-id=\"65c0cae\" data-element_type=\"column\">\n\t\t\t<div class=\"elementor-widget-wrap elementor-element-populated\">\n\t\t\t\t\t\t\t\t<div class=\"elementor-element elementor-element-a10774a elementor-widget elementor-widget-rt-text-with-button\" data-id=\"a10774a\" data-element_type=\"widget\" data-widget_type=\"rt-text-with-button.default\">\n\t\t\t\t<div class=\"elementor-widget-container\">\n\t\t\t<div class=\"title-text-button barshow text-style1\">\n\t\n\t\t\t<h4 class=\"subtitle style1\">SER AL\u00dcM\u0130NYUM YAPI S\u0130STEM<span class=\"title-bar1\"><\/span><span class=\"title-bar2\"><\/span><\/h4>\n\t\t\t\t<h2 class=\"section-title\">SER AL\u00dcM\u0130NYUM YAPI S\u0130STEM\n<\/h2>\t<div class=\"section-content\"><p class=\"icerik-text\">Tecr\u00fcbesi ve bilgili tedarik\u00e7i kalitesi ile bilinen ekipman kalitesi ile g\u00fc\u00e7l\u00fc olan firmam\u0131z, sizlere Avrupa standartlar\u0131na ve teslim terminlerine uygun olarak tasar\u0131mdan tamamlamaya kadar eksiksiz bir hizmet sunmaktad\u0131r.<\/p><p class=\"icerik-text\">\u0130ki teknik ve finansal u\u00e7u\u015f dahil olmak \u00fczere 3D modelleme ile bir tahmin size \u00fccretsiz olarak iletilecektir.<\/p><p class=\"icerik-text\">EURL SER AL\u00dcM\u0130NYUM YAPI S\u0130STEM\u0130, ancak tedarik ve kurulum a\u00e7\u0131s\u0131ndan bilgi birikimi hizmetinizdedir.\u00a0<\/p><\/div>\n\t<\/div>\t\t<\/div>\n\t\t\t\t<\/div>\n\t\t\t\t\t<\/div>\n\t\t<\/div>\n\t\t\t\t\t\t\t<\/div>\n\t\t<\/section>\n\t\t\t\t<div class=\"elementor-element elementor-element-08f5cb6 elementor-widget elementor-widget-text-editor\" data-id=\"08f5cb6\" data-element_type=\"widget\" data-widget_type=\"text-editor.default\">\n\t\t\t\t<div class=\"elementor-widget-container\">\n\t\t\t<style>\/*! elementor - v3.6.7 - 03-07-2022 *\/\n.elementor-widget-text-editor.elementor-drop-cap-view-stacked .elementor-drop-cap{background-color:#818a91;color:#fff}.elementor-widget-text-editor.elementor-drop-cap-view-framed .elementor-drop-cap{color:#818a91;border:3px solid;background-color:transparent}.elementor-widget-text-editor:not(.elementor-drop-cap-view-default) .elementor-drop-cap{margin-top:8px}.elementor-widget-text-editor:not(.elementor-drop-cap-view-default) .elementor-drop-cap-letter{width:1em;height:1em}.elementor-widget-text-editor .elementor-drop-cap{float:left;text-align:center;line-height:1;font-size:50px}.elementor-widget-text-editor .elementor-drop-cap-letter{display:inline-block}<\/style>\t\t\t\t<p><strong>Al\u00fcminyum giydirme cephe<\/strong><br \/>Sistem \u00d6R\u00dcMCEK \/ VEC \/ VEP<\/p><p><strong>Al\u00fcminyum kap\u0131 ve pencere<\/strong><br \/>Argon gaz\u0131nda tek veya \u00e7ift caml\u0131 standart profil veya iso bariyer<\/p><p><strong>Al\u00fcminyum panjur<\/strong><br \/>Motorlu veya manuel sistem<\/p><p><strong>Al\u00fcminyum korkuluk<\/strong><br \/>Teras \/ merdiven bo\u015flu\u011fu \/ balkon<\/p><p><strong>ofis b\u00f6l\u00fcm\u00fc<\/strong><br \/>Ofis ayr\u0131m\u0131 \/ i\u00e7 tasar\u0131m<\/p><p><strong>Otomatik kap\u0131<\/strong><br \/>H\u00fccresel resim<\/p><p><strong>Skylight ve g\u00fcne\u015f taraf\u0131ndan<\/strong><br \/>Cam kubbe ve g\u00fcne\u015f k\u0131r\u0131c\u0131 \u00e7\u00f6z\u00fcm<\/p><p><strong>k\u0131\u015f bah\u00e7esi<\/strong><br \/>Al\u00fcminyum ve izotermal ve akustik camda kapal\u0131 alan sistemi<\/p><p><strong>Cephe kaplama<\/strong><br \/>Kompozit paneller, havaland\u0131rmal\u0131 cepheler<\/p>\t\t\t\t\t\t<\/div>\n\t\t\t\t<\/div>\n\t\t\t\t\t<\/div>\n\t\t<\/div>\n\t\t\t\t\t\t\t<\/div>\n\t\t<\/section>\n\t\t\t\t\t\t\t<\/div>","protected":false},"excerpt":{"rendered":"<p>KURUMSAL ERLER YAPI S\u0130STEMLER\u0130 HAKKIMIZDA 1996 y\u0131l\u0131nda \u0130STANBUL&#039;da kurulan ERLER YAPI S\u0130STEMLER\u0130 \u015firketi, al\u00fcminyumun d\u00f6n\u00fc\u015f\u00fcm\u00fcnde on y\u0131ll\u0131k bir deneyimin tad\u0131n\u0131 \u00e7\u0131karmak i\u00e7in 2006 y\u0131l\u0131ndan itibaren Cezayir&#039;de SER AL\u00dcM\u0130NYUM YAPI S\u0130STEM SER AL\u00dcM\u0130NYUM YAPI S\u0130STEM\u0130 ad\u0131 alt\u0131nda bir yer de\u011fi\u015ftirme s\u00fcrecini \u00fcstlenmi\u015ftir. Forte taraf\u0131ndan [\u2026]<\/p>","protected":false},"author":1,"featured_media":0,"parent":0,"menu_order":0,"comment_status":"closed","ping_status":"closed","template":"elementor_header_footer","meta":{"footnotes":""},"_links":{"self":[{"href":"https:\/\/ersinerler.com\/tr\/wp-json\/wp\/v2\/pages\/4528"}],"collection":[{"href":"https:\/\/ersinerler.com\/tr\/wp-json\/wp\/v2\/pages"}],"about":[{"href":"https:\/\/ersinerler.com\/tr\/wp-json\/wp\/v2\/types\/page"}],"author":[{"embeddable":true,"href":"https:\/\/ersinerler.com\/tr\/wp-json\/wp\/v2\/users\/1"}],"replies":[{"embeddable":true,"href":"https:\/\/ersinerler.com\/tr\/wp-json\/wp\/v2\/comments?post=4528"}],"version-history":[{"count":5,"href":"https:\/\/ersinerler.com\/tr\/wp-json\/wp\/v2\/pages\/4528\/revisions"}],"predecessor-version":[{"id":8364,"href":"https:\/\/ersinerler.com\/tr\/wp-json\/wp\/v2\/pages\/4528\/revisions\/8364"}],"wp:attachment":[{"href":"https:\/\/ersinerler.com\/tr\/wp-json\/wp\/v2\/media?parent=4528"}],"curies":[{"name":"wp","href":"https:\/\/api.w.org\/{rel}","templated":true}]}}